{"id":688,"date":"2020-01-29T14:41:49","date_gmt":"2020-01-29T13:41:49","guid":{"rendered":"https:\/\/ok5cav.cz\/?page_id=688"},"modified":"2024-01-12T10:24:44","modified_gmt":"2024-01-12T09:24:44","slug":"zimni-qrp-zavod-pravidla","status":"publish","type":"page","link":"https:\/\/ok5cav.cz\/index.php\/zimni-qrp-zavod-pravidla\/","title":{"rendered":"Zimn\u00ed QRP z\u00e1vod"},"content":{"rendered":"\n<p> Tyto propozice plat\u00ed od 1.ledna 2011 pro <strong>Zimn\u00ed QRP z\u00e1vod na VKV<\/strong><\/p>\n\n\n\n<p>Z\u00e1vod vyhla\u0161uje <strong>\u010cAV &#8211; \u010deskosloven\u0161t\u00ed amat\u00e9\u0159i vys\u00edla\u010di<\/strong>.<\/p>\n\n\n\n<p>Kon\u00e1 se v\u017edy  v ned\u011bli prvn\u00edho cel\u00e9ho v\u00edkendu v \u00fanoru.  M\u016f\u017eou se ho z\u00fa\u010dastnit z\u00e1vodn\u00edci ze v\u0161ech st\u00e1t\u016f. Je to mezin\u00e1rodn\u00ed  z\u00e1vod.<\/p>\n\n\n\n<h4 class=\"wp-block-heading\">Sout\u011b\u017en\u00ed p\u00e1sma<\/h4>\n\n\n\n<p>&#8211; 432 MHz 09.00-11.00 UTC<br>&#8211; 144 MHz 11.00-13.00 UTC<\/p>\n\n\n\n<h4 class=\"wp-block-heading\">Druhy  provozu<\/h4>\n\n\n\n<p>CW a fone, podle povolovac\u00edch podm\u00ednek, p\u0159i\u010dem\u017e je nutno dodr\u017eovat doporu\u010den\u00ed IARU Region 1 pro r\u016fzn\u00e9 druhy provozu v kmito\u010dtov\u00fdch \u00fasec\u00edch radioamat\u00e9rsk\u00fdch p\u00e1sem.<\/p>\n\n\n\n<h4 class=\"wp-block-heading\">Dal\u0161\u00ed podm\u00ednky<\/h4>\n\n\n\n<ul class=\"wp-block-list\"><li>QTH libovoln\u00e9, na k\u00f3t\u011b m\u016f\u017ee b\u00fdt elektrick\u00fd proud.<\/li><li>Ve\u0161ker\u00e9 vybaven\u00ed stanice mus\u00ed b\u00fdt um\u00edst\u011bno na plo\u0161e o maxim\u00e1ln\u00edm  pr\u016fm\u011bru 500 metr\u016f. Stanovi\u0161t\u011b stanice nesm\u00ed b\u00fdt po dobu z\u00e1vodu m\u011bn\u011bno.<\/li><li>Nen\u00ed povoleno pou\u017eit\u00ed vzd\u00e1len\u00e9ho p\u0159ij\u00edma\u010de \u010di vys\u00edla\u010de.<\/li><li>V jednom dan\u00e9m okam\u017eiku sm\u00ed m\u00edt ka\u017ed\u00e1 stanice pouze jeden sign\u00e1l,  p\u0159i\u010dem\u017e sign\u00e1l(y) nezbytn\u00e9 pro p\u0159ipojen\u00ed do s\u00edt\u011b packet radio se  neuva\u017euj\u00ed<\/li><li>Z jednoho stanovi\u0161t\u011b sm\u00ed vys\u00edlat v\u00edce stanic, z\u00e1le\u017e\u00ed na dohod\u011b mezi nimi<\/li><li>V\u00fdkon koncov\u00e9ho stupn\u011b vys\u00edla\u010de nebo sou\u010det v\u00fdkon\u016f koncov\u00fdch stup\u0148\u016f sm\u00ed b\u00fdt maxim\u00e1ln\u011b 10 watt\u016f.<\/li><li>Nap\u00e1jen\u00ed v\u0161ech za\u0159\u00edzen\u00ed, pot\u0159ebn\u00fdch pro provoz (TCVR, rot\u00e1tor, bug,  PC&#8230;) pouze z chemick\u00fdch zdroj\u016f, m\u016f\u017eou b\u00fdt dob\u00edjeny po dobu z\u00e1vodu  jenom ze sol\u00e1rn\u00edch \u010dl\u00e1nk\u016f, Peltierova \u010dl\u00e1nku, nebo mechanick\u00fdch zdroj\u016f  poh\u00e1n\u011bn\u00fdch lidskou silou.<\/li><li>Ant\u00e9ny sm\u011bj\u00ed b\u00fdt postaveny nejd\u0159\u00edve v p\u00e1tek p\u0159ed z\u00e1vodem.<\/li><li>Spojen\u00ed EME, cross-band a p\u0159es pozemn\u00ed \u010di kosmick\u00e9 p\u0159evad\u011b\u010de se do z\u00e1vod\u016f nepo\u010d\u00edtaj\u00ed.<\/li><li>S ka\u017edou stanic\u00ed lze na ka\u017ed\u00e9m p\u00e1smu zapo\u010d\u00edtat jen jedno platn\u00e9  spojen\u00ed, p\u0159i kter\u00e9m byl ob\u011bma stanicemi p\u0159ed\u00e1n a potvrzen kompletn\u00ed  sout\u011b\u017en\u00ed k\u00f3d. Opakovan\u00e1 spojen\u00ed mus\u00ed b\u00fdt v den\u00edku ozna\u010dena (RPT, DUPE  apod.) s bodovou hodnotou 0.<\/li><li>Pou\u017eit\u00ed DX Clusteru, chatu, mobilu apod. nen\u00ed omezeno.<\/li><\/ul>\n\n\n\n<h4 class=\"wp-block-heading\">Sout\u011b\u017en\u00ed  k\u00f3d<\/h4>\n\n\n\n<p>sest\u00e1v\u00e1 z RS nebo RST, po\u0159adov\u00e9ho \u010d\u00edsla spojen\u00ed a WW-lok\u00e1toru.  Po\u0159adov\u00e9 \u010d\u00edslo spojen\u00ed na ka\u017ed\u00e9m p\u00e1smu mus\u00ed za\u010d\u00ednat \u010d\u00edslem 001. \u00dapln\u00fd  k\u00f3d v\u010detn\u011b po\u0159adov\u00e9ho \u010d\u00edsla spojen\u00ed od 001 p\u0159ed\u00e1vaj\u00ed i nesout\u011b\u017e\u00edc\u00ed  stanice, kter\u00e9 necht\u011bj\u00ed b\u00fdt hodnoceny. T\u0159i nuly &#8211; 000 &#8211; nejsou \u0159\u00e1dn\u00fdm  po\u0159adov\u00fdm \u010d\u00edslem a spojen\u00ed bude vyhodnocovatelem ozna\u010deno jako neplatn\u00e9.  Stanice, kter\u00e9 necht\u011bj\u00ed b\u00fdt hodnoceny, nemus\u00ed pos\u00edlat den\u00edk. <\/p>\n\n\n\n<h4 class=\"wp-block-heading\">Bodov\u00e1n\u00ed<\/h4>\n\n\n\n<p>Za ka\u017ed\u00fd kilometr p\u0159eklenut\u00e9 vzd\u00e1lenosti mezi ob\u011bma stanicemi se po\u010d\u00edt\u00e1  jeden bod. Bodov\u00e1 hodnota spojen\u00ed v sout\u011b\u017en\u00edm den\u00edku mus\u00ed b\u00fdt uvedena  jako cel\u00e9 \u010d\u00edslo. Za spojen\u00ed v tomt\u00e9\u017e WW-lok\u00e1toru se po\u010d\u00edt\u00e1 1 bod. Podle  doporu\u010den\u00ed I.Regionu IARU m\u00e1 b\u00fdt pou\u017eit koeficient 111,2 pro p\u0159evod  stup\u0148\u016f na kilometry, zohled\u0148uj\u00edc\u00ed zak\u0159iven\u00ed Zem\u011b. Pro ur\u010den\u00ed zem\u011bpisn\u00e9  \u0161\u00ed\u0159ky a d\u00e9lky sout\u011b\u017en\u00edho stanovi\u0161t\u011b pro v\u00fdpo\u010det lok\u00e1toru se pou\u017e\u00edv\u00e1  syst\u00e9m WGS-84 (World geodetic system 1984). Platn\u00e1 jsou i spojen\u00ed s  nesout\u011b\u017e\u00edc\u00edmi stanicemi, kter\u00e9 jsou ale povinny p\u0159ed\u00e1vat cel\u00fd sout\u011b\u017en\u00ed  k\u00f3d v\u010detn\u011b po\u0159adov\u00e9ho \u010d\u00edsla.<\/p>\n\n\n\n<h4 class=\"wp-block-heading\">Vyhodnocen\u00ed<\/h4>\n\n\n\n<p>Vyhodnocovat se bude  jednak ka\u017ed\u00e9 p\u00e1smo zvl\u00e1\u0161\u0165, jednak cel\u00fd z\u00e1vod prost\u00fdm sou\u010dtem bod\u016f z  obou p\u00e1sem. Stanice single a multi se vyhodnocuj\u00ed spole\u010dn\u011b. Prvn\u00ed  trojice stanic na ka\u017ed\u00e9m p\u00e1smu a v celkov\u00e9m po\u0159ad\u00ed obdr\u017e\u00ed diplom.<\/p>\n\n\n\n<p>Sout\u011b\u017en\u00ed den\u00edk je mo\u017en\u00e9 zaslat vyhodnocovateli v elektronick\u00e9 podob\u011b nebo pap\u00edrov\u00fd.<br>&#8211;\n Elektronick\u00fd den\u00edk mus\u00ed b\u00fdt ve form\u00e1tu EDI (REG1TEST), ur\u010den\u00e9m jako \nstandardn\u00ed form\u00e1t pro vyhodnocov\u00e1n\u00ed z\u00e1vod\u016f v r\u00e1mci Regionu I. IARU. \nDen\u00edk v jin\u00e9m form\u00e1tu nebude akceptov\u00e1n a stanice nebude v z\u00e1vod\u011b \nhodnocena. <br>&#8211; Jako pap\u00edrov\u00fd den\u00edk sta\u010d\u00ed \u010diteln\u00e1 fotokopie stani\u010dn\u00edho den\u00edku s vyzna\u010den\u00fdmi body za spojen\u00ed.<br>&#8211; Lze poslat mailem i \u010diteln\u011b naskenovan\u00fd pap\u00edrov\u00fd den\u00edk s vyzna\u010den\u00fdmi body za spojen\u00ed.<br>&#8211; Den\u00edk ze z\u00e1vodu mus\u00ed b\u00fdt odesl\u00e1n na adresu vyhodnocovatele nejpozd\u011bji des\u00e1t\u00fd den po skon\u010den\u00ed z\u00e1vodu.<\/p>\n\n\n\n<p>Spojen\u00ed je neplatn\u00e9, pokud m\u00e1 stanice v den\u00edku: <br>&#8211; Jakoukoliv chybu v p\u0159ijat\u00e9m k\u00f3du tzn. ve zna\u010dce, reportu, po\u0159adov\u00e9m \u010d\u00edsle spojen\u00ed nebo lok\u00e1toru.<br>&#8211; M\u00e1-li rozd\u00edl v \u010dase spojen\u00ed v\u011bt\u0161\u00ed ne\u017e 10 minut oproti spr\u00e1vn\u00e9mu \u010dasu UTC.<\/p>\n\n\n\n<p>Stanice nebude v z\u00e1vod\u011b hodnocena:<br>&#8211; Za nedodr\u017een\u00ed sout\u011b\u017en\u00edch nebo povolovac\u00edch podm\u00ednek.<br>&#8211; Za nepravdiv\u00e9 nebo chybn\u00e9 \u00fadaje uveden\u00e9 v sout\u011b\u017en\u00edm den\u00edku.<br>&#8211; Za nesportovn\u00ed chov\u00e1n\u00ed v z\u00e1vod\u011b.<\/p>\n\n\n\n<h4 class=\"wp-block-heading\">Zas\u00edl\u00e1n\u00ed den\u00edku<\/h4>\n\n\n\n<p>&#8211; elektronicky na qrp@seznam.cz<br>&#8211; po\u0161tou na adresu Miroslav Be\u010dev, Neustupn\u00e9ho 1831, 155 00 Praha 5 <\/p>\n\n\n\n<p>Zasl\u00e1n\u00edm den\u00edku stanice stvrzuje, \u017ee spl\u0148ovala propozice Zimn\u00edho QRP z\u00e1vodu na VKV.\n\n<\/p>\n","protected":false},"excerpt":{"rendered":"<p>Propozice Zimn\u00edho QRP z\u00e1vodu na VKV<span class=\"more-link\"><a href=\"https:\/\/ok5cav.cz\/index.php\/zimni-qrp-zavod-pravidla\/\">\u010ct\u011bte d\u00e1le&#8230;<\/a><\/span><\/p>\n","protected":false},"author":3,"featured_media":241,"parent":0,"menu_order":0,"comment_status":"closed","ping_status":"closed","template":"","meta":{"footnotes":""},"class_list":["entry","author-ok4rm","has-excerpt","post-688","page","type-page","status-publish","has-post-thumbnail"],"_links":{"self":[{"href":"https:\/\/ok5cav.cz\/index.php\/wp-json\/wp\/v2\/pages\/688"}],"collection":[{"href":"https:\/\/ok5cav.cz\/index.php\/wp-json\/wp\/v2\/pages"}],"about":[{"href":"https:\/\/ok5cav.cz\/index.php\/wp-json\/wp\/v2\/types\/page"}],"author":[{"embeddable":true,"href":"https:\/\/ok5cav.cz\/index.php\/wp-json\/wp\/v2\/users\/3"}],"replies":[{"embeddable":true,"href":"https:\/\/ok5cav.cz\/index.php\/wp-json\/wp\/v2\/comments?post=688"}],"version-history":[{"count":4,"href":"https:\/\/ok5cav.cz\/index.php\/wp-json\/wp\/v2\/pages\/688\/revisions"}],"predecessor-version":[{"id":2111,"href":"https:\/\/ok5cav.cz\/index.php\/wp-json\/wp\/v2\/pages\/688\/revisions\/2111"}],"wp:featuredmedia":[{"embeddable":true,"href":"https:\/\/ok5cav.cz\/index.php\/wp-json\/wp\/v2\/media\/241"}],"wp:attachment":[{"href":"https:\/\/ok5cav.cz\/index.php\/wp-json\/wp\/v2\/media?parent=688"}],"curies":[{"name":"wp","href":"https:\/\/api.w.org\/{rel}","templated":true}]}}