{"id":285,"date":"2019-02-19T17:42:05","date_gmt":"2019-02-19T16:42:05","guid":{"rendered":"http:\/\/ok5cav.cz\/?page_id=285"},"modified":"2019-02-19T19:12:43","modified_gmt":"2019-02-19T18:12:43","slug":"cav-kodex","status":"publish","type":"page","link":"https:\/\/ok5cav.cz\/index.php\/kontakty\/cav-kodex\/","title":{"rendered":"Mor\u00e1ln\u00ed kodex \u010dlena \u010cAV"},"content":{"rendered":"\n<ol class=\"wp-block-list\"><li>K organizaci \u010cAV ses p\u0159ihl\u00e1sil proto, \u017ee jsi radioamat\u00e9r, kter\u00fd se  hl\u00e1s\u00ed k z\u00e1sad\u00e1m hamspiritu a tradic\u00edm na\u0161eho hnut\u00ed a chce\u0161 sv\u00fdm  p\u0159\u00edkladem roz\u0161\u00ed\u0159it \u0159ady stejn\u011b sm\u00fd\u0161lej\u00edc\u00edch lid\u00ed. Tvou snahou by m\u011blo b\u00fdt neust\u00e1l\u00e9 zvy\u0161ov\u00e1n\u00ed kvalifikace. Je jedno jak\u00fd druh provozu nebo jak\u00e9  p\u00e1smo preferuje\u0161, \u010di jak\u00e1 technika t\u011b zaj\u00edm\u00e1. Vys\u00edlac\u00ed za\u0159\u00edzen\u00ed bys m\u011bl  m\u00edt v\u017edy v po\u0159\u00e1dku, bez ru\u0161iv\u00e9ho vyza\u0159ov\u00e1n\u00ed. <\/li><li>Amat\u00e9rsk\u00e1  radiokomunika\u010dn\u00ed slu\u017eba je experiment\u00e1ln\u00ed \u010dinnost, slou\u017e\u00edc\u00ed  prim\u00e1rn\u011b k  sebevzd\u011bl\u00e1v\u00e1n\u00ed a dal\u0161\u00edmu studiu, \u010d\u00edm\u017e se odli\u0161uje od dal\u0161\u00edch  aktivit,  ozna\u010dovan\u00fdch obvykle jako &#8222;hobby&#8220;. Z t\u00e9to n\u00e1pln\u011b a posl\u00e1n\u00ed  jsou odvozeny  kmito\u010dtov\u00e9 p\u0159\u00edd\u011bly coby \u010d\u00e1st p\u0159\u00edrodn\u00edho bohatstv\u00ed.  Sou\u010d\u00e1st\u00ed ARS je i  sportovn\u00ed \u010dinnost. ARS je tedy pova\u017eov\u00e1na za obecn\u011b  prosp\u011b\u0161nou. Chovej  se a vystupuj podle toho. <\/li><li>Dbej o zvy\u0161ov\u00e1n\u00ed presti\u017ee zna\u010dky OK a sv\u00e9 vlastn\u00ed. Vyst\u0159\u00edhej se jedn\u00e1n\u00ed, kter\u00e9 by tuto presti\u017e mohlo po\u0161kodit.<\/li><li>P\u0159i komunikaci s ostatn\u00edmi radioamat\u00e9ry zachov\u00e1vej pravidla z\u00e1kladn\u00ed   lidsk\u00e9 slu\u0161nosti a to jak v osobn\u00edm jedn\u00e1n\u00ed, tak v diskus\u00edch na   internetu a v s\u00edti PR. Zvl\u00e1\u0161tn\u00ed pozornost v\u011bnuj chov\u00e1n\u00ed na p\u00e1smech.   Nenech se vyprovokovat nevhodn\u00fdm chov\u00e1n\u00edm ostatn\u00edch \u00fa\u010dastn\u00edk\u016f komunikace   k chov\u00e1n\u00ed je\u0161t\u011b nevhodn\u011bj\u0161\u00edmu.<\/li><li> Je v\u011bc\u00ed cti ka\u017ed\u00e9ho \u010dlena \u010cAV  dodr\u017eovat platn\u00e9 p\u0159edpisy, podm\u00ednky  z\u00e1vod\u016f a kmito\u010dtov\u00e9 pl\u00e1ny IARU.  Jak\u00e9koli podvody jsou nep\u0159\u00edpustn\u00e9.  Po\u010d\u00edtej s t\u00edm, \u017ee prok\u00e1zan\u00e9 podvody  \u010dlena \u010cAV budou zve\u0159ejn\u011bny na  webov\u00fdch str\u00e1nk\u00e1ch \u010cAV.  <\/li><li>Bu\u010f  loaj\u00e1ln\u00ed v\u016f\u010di sv\u00e9 organizaci &#8211; \u010cAV. Sv\u00e9 v\u00fdhrady k probl\u00e9m\u016fm bys m\u011bl   vyj\u00e1d\u0159it v intern\u00ed diskusi na webu \u010cAV. Sna\u017e se v\u017edy nal\u00e9zt a  navrhnout  vlastn\u00ed \u0159e\u0161en\u00ed probl\u00e9mu.<\/li><li>Hl\u00e1s\u00edme se k odkaz\u016fm p\u016fvodn\u00edho \u010cAV.  Seznam se s histori\u00ed radioamat\u00e9rsk\u00e9ho hnut\u00ed u n\u00e1s i ve sv\u011bt\u011b a \u010derpej z  n\u011bj inspirace pro svoji dal\u0161\u00ed \u010dinnost. <\/li><li>Ke \u010dlen\u016fm v\u0161ech radioamat\u00e9rsk\u00fdch sdru\u017een\u00ed a klub\u016f se chovej p\u0159\u00e1telsky a vst\u0159\u00edcn\u011b. <\/li><li>Na do\u0161l\u00e9 QSL v\u017edy odpov\u00eddej v co nejkrat\u0161\u00edm term\u00ednu. Potvrzov\u00e1n\u00ed  spojen\u00ed je oded\u00e1vna radioamat\u00e9rskou tradic\u00ed a jedn\u00edm z princip\u016f na\u0161\u00ed  \u010dinnosti. Spojen\u00ed kon\u010d\u00ed a\u017e vypsan\u00fdm QSL l\u00edstkem. Pokud intenzivn\u011b  vys\u00edl\u00e1\u0161, zapla\u0165 si pou\u017e\u00edv\u00e1n\u00ed QSL slu\u017eby. Nen\u00ed d\u016fle\u017eit\u00e9, kdo ji provozuje  a jak\u00fd m\u00e1\u0161 k provozovateli vztah. Ty, kte\u0159\u00ed o\u010dek\u00e1vaj\u00ed Tv\u00e9 QSL l\u00edstky,  tento tv\u016fj vztah nezaj\u00edm\u00e1. <\/li><li>Skute\u010dnosti uveden\u00e9 v \u010dlensk\u00e9 \u010d\u00e1sti webu jsou ur\u010deny pouze pro \u010dleny \u010cAV. Cti tuto z\u00e1sadu.<\/li><li>Sv\u00fdm aktivn\u00edm a pozitivn\u00edm p\u0159\u00edstupem z\u00edsk\u00e1vej dal\u0161\u00ed p\u0159\u00e1tele &#8211;  radioamat\u00e9ry ke vstupu do klubu. O sv\u00e9 zku\u0161enosti se nezapome\u0148 pod\u011blit s  kamar\u00e1dy formou \u010dl\u00e1nku \u010di p\u0159edn\u00e1\u0161ky. Publikov\u00e1n\u00edm zaj\u00edmav\u00fdch v\u00fdsledk\u016f  na\u0161\u00ed \u010dinnosti tak\u00e9 pom\u00e1h\u00e1\u0161 udr\u017eovat obraz radioamat\u00e9r\u016f jako legitimn\u00edch  u\u017eivatel\u016f kmito\u010dtov\u00e9ho spektra, jejich\u017e \u010dinnost je p\u0159\u00ednosem k  technick\u00e9mu pokroku lidstva. <\/li><li>Radioamat\u00e9rsk\u00e1 \u010dinnost by rozhodn\u011b nem\u011bla b\u00fdt na p\u0159ek\u00e1\u017eku Tv\u00fdm z\u00e1vazk\u016fm k rodin\u011b, \u0161kole \u010di p\u0159\u00e1tel\u016fm. <\/li><li>V r\u00e1mci sv\u00fdch mo\u017enost\u00ed p\u0159isp\u011bj finan\u010dn\u00ed \u010d\u00e1stkou, jej\u00ed\u017e v\u00fd\u0161i si stanov\u00ed\u0161 s\u00e1m na uhrazen\u00ed nezbytn\u00fdch provozn\u00edch n\u00e1klad\u016f klubu.<\/li><\/ol>\n\n\n\n<p><strong>Tento mor\u00e1ln\u00ed kodex byl p\u0159ijat valnou hromadou \u010cAV dne 16.4.2005 a st\u00e1v\u00e1 se ned\u00edlnou sou\u010d\u00e1st\u00ed stanov<\/strong><\/p>\n","protected":false},"excerpt":{"rendered":"<p>K organizaci \u010cAV ses p\u0159ihl\u00e1sil proto, \u017ee jsi radioamat\u00e9r, kter\u00fd se hl\u00e1s\u00ed k z\u00e1sad\u00e1m hamspiritu a tradic\u00edm na\u0161eho hnut\u00ed a chce\u0161 sv\u00fdm p\u0159\u00edkladem roz\u0161\u00ed\u0159it \u0159ady stejn\u011b sm\u00fd\u0161lej\u00edc\u00edch lid\u00ed. Tvou snahou by m\u011blo b\u00fdt neust\u00e1l\u00e9 zvy\u0161ov\u00e1n\u00ed kvalifikace. Je jedno jak\u00fd druh provozu nebo jak\u00e9 p\u00e1smo preferuje\u0161, \u010di jak\u00e1 technika t\u011b zaj\u00edm\u00e1.<span class=\"more-link\"><a href=\"https:\/\/ok5cav.cz\/index.php\/kontakty\/cav-kodex\/\">\u010ct\u011bte d\u00e1le&#8230;<\/a><\/span><\/p>\n","protected":false},"author":1,"featured_media":200,"parent":201,"menu_order":1,"comment_status":"closed","ping_status":"closed","template":"","meta":{"footnotes":""},"class_list":["entry","author-cavadmin","post-285","page","type-page","status-publish","has-post-thumbnail"],"_links":{"self":[{"href":"https:\/\/ok5cav.cz\/index.php\/wp-json\/wp\/v2\/pages\/285"}],"collection":[{"href":"https:\/\/ok5cav.cz\/index.php\/wp-json\/wp\/v2\/pages"}],"about":[{"href":"https:\/\/ok5cav.cz\/index.php\/wp-json\/wp\/v2\/types\/page"}],"author":[{"embeddable":true,"href":"https:\/\/ok5cav.cz\/index.php\/wp-json\/wp\/v2\/users\/1"}],"replies":[{"embeddable":true,"href":"https:\/\/ok5cav.cz\/index.php\/wp-json\/wp\/v2\/comments?post=285"}],"version-history":[{"count":1,"href":"https:\/\/ok5cav.cz\/index.php\/wp-json\/wp\/v2\/pages\/285\/revisions"}],"predecessor-version":[{"id":286,"href":"https:\/\/ok5cav.cz\/index.php\/wp-json\/wp\/v2\/pages\/285\/revisions\/286"}],"up":[{"embeddable":true,"href":"https:\/\/ok5cav.cz\/index.php\/wp-json\/wp\/v2\/pages\/201"}],"wp:featuredmedia":[{"embeddable":true,"href":"https:\/\/ok5cav.cz\/index.php\/wp-json\/wp\/v2\/media\/200"}],"wp:attachment":[{"href":"https:\/\/ok5cav.cz\/index.php\/wp-json\/wp\/v2\/media?parent=285"}],"curies":[{"name":"wp","href":"https:\/\/api.w.org\/{rel}","templated":true}]}}