{"id":282,"date":"2019-02-19T17:36:59","date_gmt":"2019-02-19T16:36:59","guid":{"rendered":"http:\/\/ok5cav.cz\/?page_id=282"},"modified":"2019-04-04T20:30:44","modified_gmt":"2019-04-04T18:30:44","slug":"cav-stanovy","status":"publish","type":"page","link":"https:\/\/ok5cav.cz\/index.php\/kontakty\/cav-stanovy\/","title":{"rendered":"Stanovy \u010cAV"},"content":{"rendered":"\n<p><strong>Stanovy spolku \u010cAV &#8211; \u010ceskosloven\u0161t\u00ed amat\u00e9\u0159i vys\u00edla\u010di z.s.<\/strong><\/p>\n\n\n\n<p><strong>Preambule<\/strong><\/p>\n\n\n\n<p>\u010cAV  &#8211; \u010ceskosloven\u0161t\u00ed amat\u00e9\u0159i vys\u00edla\u010di (d\u00e1le \u010cAV) je dobrovoln\u00fd z\u00e1jmov\u00fd spolek radioamat\u00e9r\u016f, sdru\u017euj\u00edc\u00ed osoby vlastn\u00edc\u00ed radioamat\u00e9rsk\u00e9  opr\u00e1vn\u011bn\u00ed, vydan\u00e9 st\u00e1tn\u00edmi org\u00e1ny, a poslucha\u010de na radioamat\u00e9rsk\u00fdch  p\u00e1smech. \u010cAV vych\u00e1z\u00ed ve sv\u00e9 \u010dinnosti z odkazu sdru\u017een\u00ed \u010ceskoslovensk\u00fdch  amat\u00e9r\u016f vys\u00edla\u010d\u016f a jeho p\u0159edch\u016fdc\u016f, zejm\u00e9na pak Sdru\u017een\u00ed kr\u00e1tkovlnn\u00fdch  experiment\u00e1tor\u016f \u010deskoslovensk\u00fdch (SKE\u010c) a Kr\u00e1tkovlnn\u00fdch amat\u00e9r\u016f  \u010deskoslovensk\u00fdch (KVA\u010c).<br><br><strong>N\u00e1zev spolku<\/strong><br>\u010cAV &#8211; \u010ceskosloven\u0161t\u00ed amat\u00e9\u0159i vys\u00edla\u010di, z.s.<br><br><strong>S\u00eddlo spolku<\/strong><br>Praha<br><br><strong>Posl\u00e1n\u00ed sdru\u017een\u00ed<\/strong><br>1. \u010cAV reprezentuje z\u00e1jmy radioamat\u00e9r\u016f (sv\u00fdch \u010dlen\u016f) v\u016f\u010di st\u00e1tn\u00edm org\u00e1n\u016fm \u010cesk\u00e9 republiky i v zahrani\u010d\u00ed. <br><br>2. \u010cAV vych\u00e1z\u00ed z tradi\u010dn\u00edch a historick\u00fdch hodnot radioamat\u00e9rstv\u00ed a klade si za c\u00edl je prosazovat mezi sv\u00fdmi \u010dleny i navenek. <br><br>3. Posl\u00e1n\u00edm \u010cAV je radioamat\u00e9rsk\u00e1, vzd\u011bl\u00e1vac\u00ed a kulturn\u00ed \u010dinnost.<br><br><strong>Doba trv\u00e1n\u00ed spolku<\/strong><br>Spolek se zakl\u00e1d\u00e1 na dobu neur\u010ditou. <br><br><strong>Vznik a z\u00e1nik \u010dlenstv\u00ed<\/strong><br>1.  \u010clenem \u010cAV se m\u016f\u017ee st\u00e1t fyzick\u00e1 osoba, radioamat\u00e9r, dr\u017eitel Povolen\u00ed ke  z\u0159\u00edzen\u00ed a provozov\u00e1n\u00ed amat\u00e9rsk\u00e9 vys\u00edlac\u00ed r\u00e1diov\u00e9 stanice, vydan\u00e9ho ve smyslu p\u0159\u00edslu\u0161n\u00fdch z\u00e1konn\u00fdch ustanoven\u00ed st\u00e1tn\u00edmi org\u00e1ny \u010cesk\u00e9 republiky,  p\u0159\u00edpadn\u011b jin\u00e9ho st\u00e1tu, nebo poslucha\u010d v radioamat\u00e9rsk\u00fdch p\u00e1smech. <br><br>2.  \u010clenstv\u00ed ve sdru\u017een\u00ed vznik\u00e1 doru\u010den\u00edm p\u0159ihl\u00e1\u0161ky do s\u00eddla \u010cAV. V\u00fdbor \u010cAV  m\u016f\u017ee do t\u0159iceti dn\u016f od doru\u010den\u00ed p\u0159ihl\u00e1\u0161ky odm\u00edtnout p\u0159ijet\u00ed \u010dlena, v  takov\u00e9m p\u0159\u00edpad\u011b je povinen takovou p\u0159ihl\u00e1\u0161ku p\u0159edlo\u017eit nejbli\u017e\u0161\u00ed valn\u00e9  hromad\u011b. Rozhodnut\u00ed valn\u00e9 hromady je kone\u010dn\u00e9. <br><br>3. \u010clenstv\u00ed v \u010cAV zanik\u00e1: <br> &#8211; z\u00e1nikem \u010cAV, <br> &#8211; p\u00edsemn\u00fdm ozn\u00e1men\u00edm \u010dlena o rozhodnut\u00ed vystoupit z organizace, kter\u00e9 mus\u00ed b\u00fdt pod\u00e1no v\u00fdboru \u010cAV <br> &#8211; zru\u0161en\u00edm \u010dlenstv\u00ed na z\u00e1klad\u011b rozhodnut\u00ed 2\/3 v\u011bt\u0161iny p\u0159\u00edtomn\u00fdch Valn\u00e9 hromady \u010cAV, <br> &#8211; \u00famrt\u00edm \u010dlena.<br><br><strong>Druhy \u010dlenstv\u00ed<\/strong><br><br>1. \u0158\u00e1dn\u00e9 s pln\u00fdm hlasovac\u00edm pr\u00e1vem na Valn\u00e9 hromad\u011b <br>&#8211; \u0159\u00e1dn\u00fdmi \u010dleny jsou radioamat\u00e9\u0159i, \u010dlenov\u00e9 \u010cAV, dr\u017eitel\u00e9 radioamat\u00e9rsk\u00e9ho opr\u00e1vn\u011bn\u00ed, vydan\u00e9 st\u00e1tn\u00edmi org\u00e1ny \u010cR nebo SR<br><br>2. P\u0159idru\u017een\u00e9 bez hlasovac\u00edch pr\u00e1v na Valn\u00e9 hromad\u011b <br>&#8211; p\u0159idru\u017een\u00fdmi \u010dleny jsou v\u0161ichni ostatn\u00ed \u010dlenov\u00e9 \u010cAV<br><br><strong>Pr\u00e1va a povinnosti \u010dlen\u016f<\/strong><br>1. Pr\u00e1va \u010dlena \u010cAV: <br> &#8211; \u00fa\u010dastnit se Valn\u00e9 hromady \u010dlen\u016f \u010cAV, <br> &#8211; pod\u00e1vat n\u00e1vrhy v\u00fdboru \u010cAV a \u017e\u00e1dat jejich projedn\u00e1n\u00ed, <br> &#8211; b\u00fdt informov\u00e1n o \u010dinnosti v\u00fdboru \u010cAV, v\u010detn\u011b hospoda\u0159en\u00ed, <br> &#8211; \u0159\u00e1dn\u00ed \u010dlenov\u00e9 \u010cAV mohou volit a b\u00fdt voleni do v\u00fdboru \u010cAV <br> &#8211; pr\u00e1vo p\u0159\u00edstupu do \u010dlensk\u00e9 \u010d\u00e1sti webu \u010cAV <br><br>2. Povinnosti \u010dlena \u010cAV: <br>&#8211; dodr\u017eovat stanovy \u010cAV, v\u010detn\u011b Mor\u00e1ln\u00edho kodexu \u010dlena \u010cAV, kter\u00fd p\u0159\u00edj\u00edm\u00e1 valn\u00e1 hromada a st\u00e1v\u00e1 se ned\u00edlnou sou\u010d\u00e1st\u00ed stanov. <br>&#8211; jednat v souladu s posl\u00e1n\u00edm \u010cAV, <br>&#8211; respektovat usnesen\u00ed Valn\u00e9 hromady.<\/p>\n\n\n\n<p><strong>Seznam \u010dlen\u016f<\/strong><br>V seznamu \u010dlen\u016f prov\u00e1d\u00ed z\u00e1pisy, zm\u011bny a v\u00fdmazy osoba pov\u011b\u0159en\u00e1 p\u0159edsedou na z\u00e1klad\u011b p\u0159ihl\u00e1\u0161ky, ozn\u00e1men\u00edm \u010dlena o zm\u011bn\u011b \u00fadaj\u016f \u010di vystoupen\u00edm ze spolku, rozhodnut\u00ed valn\u00e9 hromady a \u00famrtn\u00edho listu.  <\/p>\n\n\n\n<p><strong>Organiza\u010dn\u00ed struktura a org\u00e1ny \u010cAV<\/strong><br>1. Valn\u00e1 hromada \u010cAV <br> &#8211; je nejvy\u0161\u0161\u00edm org\u00e1nem \u010cAV a sch\u00e1z\u00ed se podle pot\u0159eby, nejm\u00e9n\u011b jedenkr\u00e1t za p\u011bt let <br> &#8211; je usn\u00e1\u0161en\u00edschopn\u00e1 p\u0159i p\u0159\u00edtomnosti alespo\u0148 t\u0159\u00ed \u010dlen\u016f, p\u0159ij\u00edm\u00e1 usnesen\u00ed v\u011bt\u0161inou hlas\u016f p\u0159\u00edtomn\u00fdch \u010dlen\u016f, ka\u017ed\u00fd \u0159\u00e1dn\u00fd \u010dlen m\u00e1 jeden hlas<br> &#8211; projedn\u00e1v\u00e1 a schvaluje v\u00fdro\u010dn\u00ed zpr\u00e1vu za uplynul\u00e9 obdob\u00ed a rozpo\u010det \u010cAV, pokud je p\u0159ij\u00edm\u00e1n <br> &#8211; vol\u00ed z\u00e1stupce do v\u00fdboru \u010cAV a ur\u010duje po\u010det \u010dlen\u016f v\u00fdboru \u010cAV <br> &#8211; m\u016f\u017ee schv\u00e1lit ustanoven\u00ed \u010dlensk\u00fdch p\u0159\u00edsp\u011bvk\u016f a jejich v\u00fd\u0161i <br> &#8211; schvaluje zm\u011bnu stanov <br> &#8211; rozhoduje o z\u00e1niku \u010cAV <br> &#8211;  Valnou hromadu je povinen svolat v\u00fdbor \u010cAV nejm\u00e9n\u011b jednou za p\u011bt let,  mimo\u0159\u00e1dnou valnou hromadu je povinen svolat v\u00fdbor \u010cAV na z\u00e1klad\u011b v\u00fdzvy  nadpolovi\u010dn\u00ed v\u011bt\u0161iny \u010dlen\u016f \u010cAV <br> &#8211; svol\u00e1v\u00e1 se zve\u0159ejn\u011bn\u00edm pozv\u00e1nky na webov\u00fdch str\u00e1nk\u00e1ch spolku (www.c-a-v.com) alespo\u0148 30 dn\u00ed p\u0159ed kon\u00e1n\u00edm valn\u00e9 hromady. Pozv\u00e1nka obsahuje m\u00edsto a \u010das kon\u00e1n\u00ed a po\u0159ad jedn\u00e1n\u00ed valn\u00e9 hromady<br> &#8211; z\u00e1pisy z valn\u00e9 hromady se zve\u0159ej\u0148uj\u00ed na webov\u00fdch str\u00e1nk\u00e1ch spolku (www.c-a-v.com) nejpozd\u011bji 30 dn\u016f od skon\u010den\u00ed valn\u00e9 hromady.<\/p>\n\n\n\n<p>2. V\u00fdbor \u010cAV <br> &#8211; je v\u00fdkonn\u00fdm a \u0159\u00edd\u00edc\u00edm org\u00e1nem <br> &#8211; m\u00e1 nejm\u00e9n\u011b 3 \u010dleny <br> &#8211; v \u010dele stoj\u00ed p\u0159edseda a m\u00edstop\u0159edseda, kter\u00e9 vol\u00ed Valn\u00e1 hromada \u010cAV na dobu do p\u0159\u00ed\u0161t\u00ed Valn\u00e9 hromady <br> &#8211; p\u0159edseda a m\u00edstop\u0159edseda, ka\u017ed\u00fd jednotliv\u011b, jsou statut\u00e1rn\u00edmi org\u00e1ny \u010cAV a spole\u010dn\u011b \u0159\u00edd\u00ed b\u011b\u017enou \u010dinnost \u010cAV a v\u00fdboru \u010cAV. <br> &#8211; p\u0159edseda, nebo m\u00edstop\u0159edseda, m\u016f\u017ee p\u00edsemn\u011b zmocnit v\u00fdkonem sv\u00fdch pravomoc\u00ed i jin\u00e9ho \u010dlena v\u00fdboru \u010cAV, kter\u00fd nen\u00ed statut\u00e1rn\u00edm org\u00e1nem<br> &#8211; usnesen\u00ed v\u00fdboru \u010cAV se p\u0159ij\u00edm\u00e1 v\u011bt\u0161inou hlas\u016f p\u0159\u00edtomn\u00fdch \u010dlen\u016f, <br> &#8211; sch\u016fzi v\u00fdboru \u010cAV svol\u00e1v\u00e1 p\u0159edseda nebo jin\u00fd j\u00edm pov\u011b\u0159en\u00fd \u010dlen v\u00fdboru  nejm\u00e9n\u011b dvakr\u00e1t ro\u010dn\u011b, mimo\u0159\u00e1dnou sch\u016fzi v\u00fdboru mohou svolat minim\u00e1ln\u011b  dva \u010dlenov\u00e9 v\u00fdboru \u010cAV <br> &#8211; v\u00fdbor \u010cAV m\u016f\u017ee p\u0159ijmout usnesen\u00edm sv\u016fj  jednac\u00ed \u0159\u00e1d, kter\u00fd podrobn\u011bji uprav\u00ed pr\u00e1va a povinnosti \u010dlen\u016f v\u00fdboru  \u010cAV, a kter\u00fd nesm\u00ed b\u00fdt v rozporu s t\u011bmito stanovami. Ustaven\u00ed jednac\u00edho  \u0159\u00e1du, kter\u00e9 je v rozporu s t\u011bmito stanovami, je neplatn\u00e9. <br> &#8211; v\u00fdbor \u010cAV  m\u016f\u017ee pozastavit \u010dlenstv\u00ed \u010dlenovi \u010cAV, kter\u00fd opakovan\u011b poru\u0161uje  povinnosti \u010dlena \u010cAV, ur\u010den\u00e9 t\u011bmito stanovami. Takov\u00fd p\u0159\u00edpad pot\u00e9  p\u0159edlo\u017e\u00ed nejbli\u017e\u0161\u00ed Valn\u00e9 hromad\u011b \u010cAV k rozhodnut\u00ed o vylou\u010den\u00ed \u010dlena \u010di obnoven\u00ed jeho \u010dlenstv\u00ed.  <br> &#8211; v\u00fdbor \u010cAV schvaluje v\u00fdsledek hospoda\u0159en\u00ed spolku.<br> &#8211; v\u00fdbor \u010cAV rozhoduje ve v\u0161ech v\u011bcech, kter\u00e9 nejsou v\u00fdlu\u010dnou pravomoc\u00ed valn\u00e9 hromady. <br> &#8211; pokud po\u010det \u010dlen\u016f v\u00fdboru klesne pod t\u0159i, zbyl\u00ed dva \u010dlenov\u00e9 v\u00fdboru mohou kooptovat jednoho \u010dlena v\u00fdboru a\u017e do p\u0159\u00ed\u0161t\u00ed valn\u00e9 hromady, a to v\u00fdhradn\u011b z \u010dlen\u016f \u010cAV. Pokud zanikne \u010dlenstv\u00ed p\u0159edsedy nebo m\u00edstop\u0159edsedy spolku, zbyl\u00ed \u010dlenov\u00e9 mohou postupovat podle p\u0159edchoz\u00ed v\u011bty a d\u00e1le zvol\u00ed mezi sebou p\u0159edsedu nebo m\u00edstop\u0159edsedu spolku na dobu do p\u0159\u00ed\u0161t\u00ed valn\u00e9 hromady. <br><br>3. Odbo\u010dky \u010cAV <br> &#8211; \u010dlenov\u00e9 \u010cAV mohou zakl\u00e1dat odbo\u010dky \u010cAV, zalo\u017een\u00ed odbo\u010dky \u010cAV nezakl\u00e1d\u00e1 jej\u00ed pr\u00e1vn\u00ed subjektivitu<br><br><strong>Z\u00e1sady hospoda\u0159en\u00ed<\/strong><br>1. Hospoda\u0159en\u00ed \u010cAV se \u0159\u00edd\u00ed obecn\u011b platn\u00fdmi pr\u00e1vn\u00edmi p\u0159edpisy.<br>2. Prost\u0159edky na svoji \u010dinnost z\u00edsk\u00e1v\u00e1 \u010cAV: <br> &#8211; z \u010dlensk\u00fdch p\u0159\u00edsp\u011bvk\u016f, jejich\u017e v\u00fd\u0161e je dobrovoln\u00e1, pokud valn\u00e1 hromada nerozhodne jinak, <br> &#8211; z dar\u016f, dotac\u00ed a odkaz\u016f, <br> &#8211; z p\u0159\u00edjm\u016f z vlastn\u00ed \u010dinnosti. <br>3.  B\u011b\u017en\u00e9 hospoda\u0159en\u00ed \u010cAV obstar\u00e1v\u00e1 pov\u011b\u0159en\u00fd \u010dlen v\u00fdboru \u010cAV samostatn\u011b.  V\u00fddaje nad 5.000,- K\u010d mus\u00ed schv\u00e1lit p\u0159edseda \u010cAV, nebo v\u00fdbor \u010cAV. V\u00fddaje  nad 20.000,- K\u010d mus\u00ed schv\u00e1lit v\u00fdbor \u010cAV.<br><br><strong>Z\u00e1nik spolku<\/strong><br>1. \u010cAV zanik\u00e1, pokud se pro jeho z\u00e1nik vyslov\u00ed alespo\u0148 2\/3 v\u011bt\u0161ina \u0159\u00e1dn\u00fdch  \u010dlen\u016f p\u0159\u00edtomn\u00fdch na Valn\u00e9 hromad\u011b \u010cAV v p\u0159\u00edpad\u011b, \u017ee je p\u0159\u00edtomna nejm\u00e9n\u011b  1\/5 v\u0161ech \u010dlen\u016f \u010cAV. Pokud se nesejde 1\/5 v\u0161ech \u010dlen\u016f \u010cAV do 30 minut od zah\u00e1jen\u00ed jedn\u00e1n\u00ed Valn\u00e9 hromady, m\u016f\u017ee o z\u00e1niku \u010cAV rozhodnout 3\/5  v\u011bt\u0161ina p\u0159\u00edtomn\u00fdch. <br>2.  Pro p\u0159\u00edpad likvidace \u010cAV Valn\u00e9 hromada  ustav\u00ed likvid\u00e1tora, kter\u00fd v souladu s obecn\u011b z\u00e1vazn\u00fdmi pr\u00e1vn\u00edmi  p\u0159edpisy provede likvidaci.<\/p>\n\n\n\n<p><strong>Z\u00e1v\u011bre\u010dn\u00e1 ustanoven\u00ed<\/strong><br>1. Ve v\u011bcech neupraven\u00fdch t\u011bmito stanovami plat\u00ed obecn\u011b z\u00e1vazn\u00e9 pr\u00e1vn\u00ed p\u0159edpisy.<br>2. Tyto stanovy byly p\u0159ijaty Valnou hromadou \u010cAV dne 23.2.2019 <br><br><\/p>\n\n\n\n<hr class=\"wp-block-separator\"\/>\n\n\n\n<p><strong>MOR\u00c1LN\u00cd KODEX \u010cLENA \u010cAV<\/strong><\/p>\n\n\n\n<p>1.\n K organizaci \u010cAV jsi se p\u0159ihl\u00e1sil proto, \u017ee jsi radioamat\u00e9r, kter\u00fd se \nhl\u00e1s\u00ed k z\u00e1sad\u00e1m hamspiritu a tradic\u00edm na\u0161eho hnut\u00ed a chce\u0161 sv\u00fdm \np\u0159\u00edkladem roz\u0161\u00ed\u0159it \u0159ady stejn\u011b sm\u00fd\u0161lej\u00edc\u00edch lid\u00ed. Tvou snahou by m\u011blo \nb\u00fdt neust\u00e1l\u00e9 zvy\u0161ov\u00e1n\u00ed kvalifikace. Je jedno jak\u00fd druh provozu nebo jak\u00e9\n p\u00e1smo preferuje\u0161, \u010di jak\u00e1 technika t\u011b zaj\u00edm\u00e1. Vys\u00edlac\u00ed za\u0159\u00edzen\u00ed bys m\u011bl\n m\u00edt v\u017edy v po\u0159\u00e1dku, bez ru\u0161iv\u00e9ho vyza\u0159ov\u00e1n\u00ed. <br><br>2. Amat\u00e9rsk\u00e1 \nradiokomunika\u010dn\u00ed slu\u017eba je experiment\u00e1ln\u00ed \u010dinnost, slou\u017e\u00edc\u00ed prim\u00e1rn\u011b k \nsebevzd\u011bl\u00e1v\u00e1n\u00ed a dal\u0161\u00edmu studiu, \u010d\u00edm\u017e se odli\u0161uje od dal\u0161\u00edch aktivit, \nozna\u010dovan\u00fdch obvykle jako &#8222;hobby&#8220;. Z t\u00e9to n\u00e1pln\u011b a posl\u00e1n\u00ed jsou odvozeny\n kmito\u010dtov\u00e9 p\u0159\u00edd\u011bly coby \u010d\u00e1st p\u0159\u00edrodn\u00edho bohatstv\u00ed. Sou\u010d\u00e1st\u00ed ARS je i \nsportovn\u00ed \u010dinnost. ARS je tedy pova\u017eov\u00e1na za obecn\u011b prosp\u011b\u0161nou. Chovej \nse a vystupuj podle toho. <br><br>3. Dbej o zvy\u0161ov\u00e1n\u00ed presti\u017ee zna\u010dky OK a sv\u00e9 vlastn\u00ed. Vyst\u0159\u00edhej se jedn\u00e1n\u00ed, kter\u00e9 by tuto presti\u017e mohlo po\u0161kodit. <br><br>4.\n P\u0159i komunikaci s ostatn\u00edmi radioamat\u00e9ry zachov\u00e1vej pravidla z\u00e1kladn\u00ed \nlidsk\u00e9 slu\u0161nosti a to jak v osobn\u00edm jedn\u00e1n\u00ed, tak v diskus\u00edch na \ninternetu a v s\u00edti PR. Zvl\u00e1\u0161tn\u00ed pozornost v\u011bnuj chov\u00e1n\u00ed na p\u00e1smech. \nNenech se vyprovokovat nevhodn\u00fdm chov\u00e1n\u00edm ostatn\u00edch \u00fa\u010dastn\u00edk\u016f komunikace\n k chov\u00e1n\u00ed je\u0161t\u011b nevhodn\u011bj\u0161\u00edmu. <br><br>5. Je v\u011bc\u00ed cti ka\u017ed\u00e9ho \u010dlena \u010cAV\n dodr\u017eovat platn\u00e9 p\u0159edpisy, podm\u00ednky z\u00e1vod\u016f a kmito\u010dtov\u00e9 pl\u00e1ny IARU. \nJak\u00e9koli podvody jsou nep\u0159\u00edpustn\u00e9. Po\u010d\u00edtej s t\u00edm, \u017ee prok\u00e1zan\u00e9 podvody \n\u010dlena \u010cAV budou zve\u0159ejn\u011bny na webov\u00fdch str\u00e1nk\u00e1ch \u010cAV. <br><br>6. Bu\u010f \nloaj\u00e1ln\u00ed v\u016f\u010di sv\u00e9 organizaci &#8211; \u010cAV. Sv\u00e9 v\u00fdhrady k probl\u00e9m\u016fm bys m\u011bl \nvyj\u00e1d\u0159it v intern\u00ed diskusi na webu \u010cAV. Sna\u017e se v\u017edy nal\u00e9zt a navrhnout \nvlastn\u00ed \u0159e\u0161en\u00ed probl\u00e9mu. <br><br>7. Hl\u00e1s\u00edme se k odkaz\u016fm p\u016fvodn\u00edho \u010cAV. \nSeznam se s histori\u00ed radioamat\u00e9rsk\u00e9ho hnut\u00ed u n\u00e1s i ve sv\u011bt\u011b a \u010derpej z \nn\u011bj inspirace pro svoji dal\u0161\u00ed \u010dinnost. <br><br>8. Ke \u010dlen\u016fm v\u0161ech radioamat\u00e9rsk\u00fdch sdru\u017een\u00ed a klub\u016f se chovej p\u0159\u00e1telsky a vst\u0159\u00edcn\u011b. <br><br>9.\n Na do\u0161l\u00e9 QSL v\u017edy odpov\u00eddej v co nejkrat\u0161\u00edm term\u00ednu. Potvrzov\u00e1n\u00ed \nspojen\u00ed je oded\u00e1vna radioamat\u00e9rskou tradic\u00ed a jedn\u00edm z princip\u016f na\u0161\u00ed \n\u010dinnosti. Spojen\u00ed kon\u010d\u00ed a\u017e vypsan\u00fdm QSL l\u00edstkem. Pokud intenzivn\u011b \nvys\u00edl\u00e1\u0161, zapla\u0165 si pou\u017e\u00edv\u00e1n\u00ed QSL slu\u017eby. Nen\u00ed d\u016fle\u017eit\u00e9, kdo ji provozuje\n a jak\u00fd m\u00e1\u0161 k provozovateli vztah. Ty, kte\u0159\u00ed o\u010dek\u00e1vaj\u00ed Tv\u00e9 QSL l\u00edstky, \ntento tv\u016fj vztah nezaj\u00edm\u00e1. <br><br>10. Skute\u010dnosti uveden\u00e9 v \u010dlensk\u00e9 \u010d\u00e1sti webu jsou ur\u010deny pouze pro \u010dleny \u010cAV. Cti tuto z\u00e1sadu.<br><br>11.\n Sv\u00fdm aktivn\u00edm a pozitivn\u00edm p\u0159\u00edstupem z\u00edsk\u00e1vej dal\u0161\u00ed p\u0159\u00e1tele &#8211; \nradioamat\u00e9ry ke vstupu do klubu. O sv\u00e9 zku\u0161enosti se nezapome\u0148 pod\u011blit s\n kamar\u00e1dy formou \u010dl\u00e1nku \u010di p\u0159edn\u00e1\u0161ky. Publikov\u00e1n\u00edm zaj\u00edmav\u00fdch v\u00fdsledk\u016f \nna\u0161\u00ed \u010dinnosti tak\u00e9 pom\u00e1h\u00e1\u0161 udr\u017eovat obraz radioamat\u00e9r\u016f jako legitimn\u00edch \nu\u017eivatel\u016f kmito\u010dtov\u00e9ho spektra, jejich\u017e \u010dinnost je p\u0159\u00ednosem k \ntechnick\u00e9mu pokroku lidstva. <br><br>12. Radioamat\u00e9rsk\u00e1 \u010dinnost by rozhodn\u011b nem\u011bla b\u00fdt na p\u0159ek\u00e1\u017eku Tv\u00fdm z\u00e1vazk\u016fm k rodin\u011b, \u0161kole \u010di p\u0159\u00e1tel\u016fm. <br><br>13. V r\u00e1mci sv\u00fdch mo\u017enost\u00ed p\u0159isp\u011bj finan\u010dn\u00ed \u010d\u00e1stkou, jej\u00ed\u017e v\u00fd\u0161i si stanov\u00ed\u0161 s\u00e1m na uhrazen\u00ed nezbytn\u00fdch provozn\u00edch n\u00e1klad\u016f klubu.<\/p>\n\n\n\n<p><strong>Tento mor\u00e1ln\u00ed kodex byl p\u0159ijat valnou hromadou \u010cAV dne 16.4.2005 a st\u00e1v\u00e1 se ned\u00edlnou sou\u010d\u00e1st\u00ed stanov<\/strong><\/p>\n","protected":false},"excerpt":{"rendered":"<p>Stanovy spolku \u010cAV &#8211; \u010ceskosloven\u0161t\u00ed amat\u00e9\u0159i vys\u00edla\u010di z.s. Preambule \u010cAV &#8211; \u010ceskosloven\u0161t\u00ed amat\u00e9\u0159i vys\u00edla\u010di (d\u00e1le \u010cAV) je dobrovoln\u00fd z\u00e1jmov\u00fd spolek radioamat\u00e9r\u016f, sdru\u017euj\u00edc\u00ed osoby vlastn\u00edc\u00ed radioamat\u00e9rsk\u00e9 opr\u00e1vn\u011bn\u00ed, vydan\u00e9 st\u00e1tn\u00edmi org\u00e1ny, a poslucha\u010de na radioamat\u00e9rsk\u00fdch p\u00e1smech. \u010cAV vych\u00e1z\u00ed ve sv\u00e9 \u010dinnosti z odkazu sdru\u017een\u00ed \u010ceskoslovensk\u00fdch amat\u00e9r\u016f vys\u00edla\u010d\u016f a jeho p\u0159edch\u016fdc\u016f, zejm\u00e9na pak<span class=\"more-link\"><a href=\"https:\/\/ok5cav.cz\/index.php\/kontakty\/cav-stanovy\/\">\u010ct\u011bte d\u00e1le&#8230;<\/a><\/span><\/p>\n","protected":false},"author":1,"featured_media":200,"parent":201,"menu_order":0,"comment_status":"closed","ping_status":"closed","template":"","meta":{"footnotes":""},"class_list":["entry","author-cavadmin","post-282","page","type-page","status-publish","has-post-thumbnail"],"_links":{"self":[{"href":"https:\/\/ok5cav.cz\/index.php\/wp-json\/wp\/v2\/pages\/282"}],"collection":[{"href":"https:\/\/ok5cav.cz\/index.php\/wp-json\/wp\/v2\/pages"}],"about":[{"href":"https:\/\/ok5cav.cz\/index.php\/wp-json\/wp\/v2\/types\/page"}],"author":[{"embeddable":true,"href":"https:\/\/ok5cav.cz\/index.php\/wp-json\/wp\/v2\/users\/1"}],"replies":[{"embeddable":true,"href":"https:\/\/ok5cav.cz\/index.php\/wp-json\/wp\/v2\/comments?post=282"}],"version-history":[{"count":4,"href":"https:\/\/ok5cav.cz\/index.php\/wp-json\/wp\/v2\/pages\/282\/revisions"}],"predecessor-version":[{"id":570,"href":"https:\/\/ok5cav.cz\/index.php\/wp-json\/wp\/v2\/pages\/282\/revisions\/570"}],"up":[{"embeddable":true,"href":"https:\/\/ok5cav.cz\/index.php\/wp-json\/wp\/v2\/pages\/201"}],"wp:featuredmedia":[{"embeddable":true,"href":"https:\/\/ok5cav.cz\/index.php\/wp-json\/wp\/v2\/media\/200"}],"wp:attachment":[{"href":"https:\/\/ok5cav.cz\/index.php\/wp-json\/wp\/v2\/media?parent=282"}],"curies":[{"name":"wp","href":"https:\/\/api.w.org\/{rel}","templated":true}]}}