{"id":201,"date":"2019-02-14T22:18:24","date_gmt":"2019-02-14T21:18:24","guid":{"rendered":"http:\/\/ok5cav.cz\/?page_id=201"},"modified":"2019-04-04T20:31:50","modified_gmt":"2019-04-04T18:31:50","slug":"kontakty","status":"publish","type":"page","link":"https:\/\/ok5cav.cz\/index.php\/kontakty\/","title":{"rendered":"Kontakty"},"content":{"rendered":"\n<p>\u010cAV  \u2013 \u010ceskosloven\u0161t\u00ed amat\u00e9\u0159i vys\u00edla\u010di jsou dobrovoln\u00e9 z\u00e1jmov\u00e9  sdru\u017een\u00ed radioamat\u00e9r\u016f, tedy osob vlastn\u00edc\u00edch radioamat\u00e9rsk\u00e9  opr\u00e1vn\u011bn\u00ed, vydan\u00e9 st\u00e1tn\u00edmi org\u00e1ny, a poslucha\u010d\u016f na radioamat\u00e9rsk\u00fdch  p\u00e1smech. <\/p>\n\n\n\n<ul class=\"wp-block-list\"><li><a href=\"http:\/\/ok5cav.cz\/index.php\/kontakty\/cav-stanovy\/\">Stanovy (verze 2019)<\/a><\/li><li><a href=\"http:\/\/ok5cav.cz\/index.php\/kontakty\/cav-kodex\/\">Mor\u00e1ln\u00ed kodex \u010dlena \u010cAV<\/a><\/li><li><a href=\"http:\/\/ok5cav.cz\/index.php\/kontakty\/cav-prihlaska\/\">elektronick\u00e1 p\u0159ihl\u00e1\u0161ka<\/a><\/li><\/ul>\n\n\n\n<div class=\"wp-block-image\"><figure class=\"alignleft\"><img loading=\"lazy\" decoding=\"async\" width=\"50\" height=\"100\" src=\"http:\/\/ok5cav.cz\/wp-content\/uploads\/2019\/02\/logo-bk-90.png\" alt=\"\" class=\"wp-image-200\"\/><\/figure><\/div>\n\n\n\n<p><strong>Adresa:<\/strong><\/p>\n\n\n\n<p>\u010cAV &#8211; \u010ceskosloven\u0161t\u00ed amat\u00e9\u0159i vys\u00edla\u010di<br>Pr\u016fchova 41<br>150 00 Praha 5<\/p>\n\n\n\n<p><strong>I\u010cO: <\/strong> 26678349\n\n<\/p>\n\n\n\n<h3 class=\"wp-block-heading\"><strong>V\u00fdbor \u010cAV<\/strong><\/h3>\n\n\n\n<p><a href=\"http:\/\/ok5cav.cz\/index.php\/kontakty\/cav-kontakt-vybor\/\">Poslat zpr\u00e1vu<\/a> v\u0161em \u010dlen\u016fm v\u00fdboru.<\/p>\n\n\n\n<div class=\"wp-block-image\"><figure class=\"alignright is-resized\"><img loading=\"lazy\" decoding=\"async\" src=\"http:\/\/ok5cav.cz\/wp-content\/uploads\/2019\/02\/119280828-2844d7f93d179cda97fd8f1878cbaf05.png\" alt=\"\" class=\"wp-image-340\" width=\"108\" height=\"108\"\/><\/figure><\/div>\n\n\n\n<h4 class=\"wp-block-heading\">\u010clenov\u00e9 v\u00fdboru<\/h4>\n\n\n\n<p>Jind\u0159ich Vavru\u0161ka, p\u0159edseda (OK4RM, OM0RM)<br>tel: +420 608 224 637<br><a href=\"http:\/\/ok5cav.cz\/index.php\/kontakty\/cav-kontakt-predseda\/\">Poslat zpr\u00e1vu<\/a><\/p>\n\n\n\n<p>Jan \u0160varc, m\u00edstop\u0159edseda (OK1UU)<br>P.O.Box 3<br>160 12 Praha 612<br>tel: 603 452 482<br><a href=\"http:\/\/ok5cav.cz\/index.php\/kontakty\/cav-kontakt-mistopredseda\/\">Poslat zpr\u00e1vu<\/a><\/p>\n\n\n\n<p>Ing. J\u00e1n Gavora (OM3ID)<\/p>\n\n\n\n<p>Lud\u011bk Morn\u0161tejn (OK5AM)<\/p>\n","protected":false},"excerpt":{"rendered":"<p>\u010cAV \u2013 \u010ceskosloven\u0161t\u00ed amat\u00e9\u0159i vys\u00edla\u010di jsou dobrovoln\u00e9 z\u00e1jmov\u00e9 sdru\u017een\u00ed radioamat\u00e9r\u016f, tedy osob vlastn\u00edc\u00edch radioamat\u00e9rsk\u00e9 opr\u00e1vn\u011bn\u00ed, vydan\u00e9 st\u00e1tn\u00edmi org\u00e1ny, a poslucha\u010d\u016f na radioamat\u00e9rsk\u00fdch p\u00e1smech. Stanovy (verze 2019) Mor\u00e1ln\u00ed kodex \u010dlena \u010cAV elektronick\u00e1 p\u0159ihl\u00e1\u0161ka Adresa: \u010cAV &#8211; \u010ceskosloven\u0161t\u00ed amat\u00e9\u0159i vys\u00edla\u010diPr\u016fchova 41150 00 Praha 5 I\u010cO: 26678349 V\u00fdbor \u010cAV Poslat zpr\u00e1vu v\u0161em \u010dlen\u016fm<span class=\"more-link\"><a href=\"https:\/\/ok5cav.cz\/index.php\/kontakty\/\">\u010ct\u011bte d\u00e1le&#8230;<\/a><\/span><\/p>\n","protected":false},"author":3,"featured_media":0,"parent":0,"menu_order":1,"comment_status":"closed","ping_status":"closed","template":"","meta":{"footnotes":""},"class_list":["entry","author-ok4rm","post-201","page","type-page","status-publish"],"_links":{"self":[{"href":"https:\/\/ok5cav.cz\/index.php\/wp-json\/wp\/v2\/pages\/201"}],"collection":[{"href":"https:\/\/ok5cav.cz\/index.php\/wp-json\/wp\/v2\/pages"}],"about":[{"href":"https:\/\/ok5cav.cz\/index.php\/wp-json\/wp\/v2\/types\/page"}],"author":[{"embeddable":true,"href":"https:\/\/ok5cav.cz\/index.php\/wp-json\/wp\/v2\/users\/3"}],"replies":[{"embeddable":true,"href":"https:\/\/ok5cav.cz\/index.php\/wp-json\/wp\/v2\/comments?post=201"}],"version-history":[{"count":13,"href":"https:\/\/ok5cav.cz\/index.php\/wp-json\/wp\/v2\/pages\/201\/revisions"}],"predecessor-version":[{"id":571,"href":"https:\/\/ok5cav.cz\/index.php\/wp-json\/wp\/v2\/pages\/201\/revisions\/571"}],"wp:attachment":[{"href":"https:\/\/ok5cav.cz\/index.php\/wp-json\/wp\/v2\/media?parent=201"}],"curies":[{"name":"wp","href":"https:\/\/api.w.org\/{rel}","templated":true}]}}