{"id":1739,"date":"2023-08-26T05:24:03","date_gmt":"2023-08-26T03:24:03","guid":{"rendered":"https:\/\/ok5cav.cz\/?page_id=1739"},"modified":"2024-04-16T14:19:10","modified_gmt":"2024-04-16T12:19:10","slug":"ares","status":"publish","type":"page","link":"https:\/\/ok5cav.cz\/index.php\/ares\/","title":{"rendered":"OK-RTS"},"content":{"rendered":"\n<p>OK-RTS je n\u00e1zev pracovn\u00ed skupiny zab\u00fdvaj\u00edc\u00ed se problematikou radioamat\u00e9rsk\u00e9 t\u00eds\u0148ov\u00e9 komunikace (RTK) po praktick\u00e9 i teoretick\u00e9 str\u00e1nce. Skupina je tvo\u0159ena dobrovoln\u00edky z \u0159ad radioamat\u00e9r\u016f a p\u0159\u00e1tel. Skupina vznikla v d\u016fsledku spont\u00e1nn\u00ed aktivity v m\u011bs\u00edci srpnu 2023. <\/p>\n\n\n\n<p>Skupina vznikla p\u0159i prvn\u00edm setk\u00e1n\u00ed v r\u00e1mci Mezin\u00e1rodn\u00edho setk\u00e1n\u00ed radioamat\u00e9r\u016f v Holic\u00edch 26. srpna 2023. Pracovn\u00ed skupina byla z\u0159\u00edzena pod z\u00e1\u0161titou spolku \u010cAV &#8211; \u010ceskosloven\u0161t\u00ed amat\u00e9\u0159i vys\u00edla\u010di, aby mohla pod touto hlavi\u010dkou komunikovat jako zainteresovan\u00e1 pr\u00e1vnick\u00e1 osoba s institucemi. <\/p>\n\n\n\n<h1 class=\"wp-block-heading\">Co je to RTK?<\/h1>\n\n\n\n<p>Zkratka RTK znamen\u00e1 \u201cradioamat\u00e9rsk\u00e1 t\u00eds\u0148ov\u00e1 komunikace\u201d. Jedn\u00e1 se o \u010dinnost (\u010dinnosti) radioamat\u00e9r\u016f v situac\u00edch ohro\u017een\u00ed obyvatelstva, jako jsou nap\u0159\u00edklad (a zejm\u00e9na) \u017eiveln\u00ed pohromy &#8211; z\u00e1plavy, velk\u00e9 po\u017e\u00e1ry, sn\u011bhov\u00e9 kalamity, v\u00fdpadky b\u011b\u017en\u00fdch komunika\u010dn\u00edch s\u00edt\u00ed a podobn\u011b.<\/p>\n\n\n\n<p>Mo\u017enost aktivn\u00ed pomoci radioamat\u00e9r\u016f v podobn\u00fdch situac\u00edch je zakotvena v na\u0161em pr\u00e1vn\u00edm syst\u00e9mu, nap\u0159\u00edklad ve Vyhl\u00e1\u0161ce 156\/2005 Sb (\u00a78 odst. 2).&nbsp;<\/p>\n\n\n\n<h1 class=\"wp-block-heading\">Co je to ARES?<\/h1>\n\n\n\n<p>ARES je obecn\u011b p\u0159ijat\u00e1 zkratka z anglick\u00e9ho \u201cAmateur Radio Emergency Service\u201d (Radioamat\u00e9rsk\u00e1 t\u00eds\u0148ov\u00e1 slu\u017eba), kter\u00e1 byla jako prvn\u00ed na sv\u011bt\u011b zavedena v USA. Pod touto zkratkou najdete radioamat\u00e9ry v mnoha zem\u00edch po cel\u00e9m sv\u011bt\u011b.<\/p>\n\n\n\n<h1 class=\"wp-block-heading\">RTK: O jak\u00e9 \u010dinnosti se jedn\u00e1?<\/h1>\n\n\n\n<p>Jedn\u00e1 se o zaji\u0161t\u011bn\u00ed<strong> r\u00e1diov\u00e9 komunikace<\/strong> v situac\u00edch ohro\u017een\u00ed. Tehdy konaj\u00ed p\u0159edev\u0161\u00edm z\u00e1chrann\u00e9 a ozbrojen\u00e9 slo\u017eky, ty v\u0161ak maj\u00ed sv\u00e9 vlastn\u00ed komunika\u010dn\u00ed prost\u0159edky pro pln\u011bn\u00ed sv\u00fdch, p\u0159esn\u011b dan\u00fdch \u00fakol\u016f.&nbsp;<\/p>\n\n\n\n<p>V r\u00e1mci RTK se proto p\u0159ed\u00e1vaj\u00ed zejm\u00e9na zpr\u00e1vy humanit\u00e1rn\u00edho charakteru, nap\u0159\u00edklad od evakuovan\u00fdch nebo hospitalizovan\u00fdch osob z m\u00edst, kde nefunguje b\u011b\u017en\u00e1 komunikace, jejich p\u0159\u00edbuzn\u00fdm, bl\u00edzk\u00fdm, zam\u011bstnavateli, atd.<\/p>\n\n\n\n<h1 class=\"wp-block-heading\">Jak se to d\u011bl\u00e1?<\/h1>\n\n\n\n<p>P\u0159i konkr\u00e9tn\u00edm z\u00e1sahu vyj\u00ed\u017ed\u00ed na pot\u0159ebn\u00e9 m\u00edsto pln\u011b vybaven\u00fd a sob\u011bsta\u010dn\u00fd t\u00fdm, kter\u00fd bude poskytovat spojen\u00ed p\u0159\u00edmo na m\u00edst\u011b, nap\u0159. v evakua\u010dn\u00edm centru.<\/p>\n\n\n\n<p>V jin\u00e9m m\u00edst\u011b, kde ji\u017e jsou b\u011b\u017en\u00e9 komunika\u010dn\u00ed prost\u0159edky dostupn\u00e9, je z\u0159\u00edzena slu\u017eba, kter\u00e1 komunikuje se z\u00e1sahov\u00fdm t\u00fdmem a p\u0159ed\u00e1v\u00e1 zpr\u00e1vy b\u011b\u017en\u00fdm zp\u016fsobem (telefon, internet) adres\u00e1t\u016fm.&nbsp;<\/p>\n\n\n\n<h1 class=\"wp-block-heading\">Kdo se m\u016f\u017ee zapojit a jak?<\/h1>\n\n\n\n<p>Zapojit se m\u016f\u017ee jak\u00fdkoliv radioamat\u00e9r nebo z\u00e1jemce o radioamat\u00e9rskou \u010dinnost, a to bu\u010f p\u0159\u00edmo jako \u010dlen v\u00fdjezdov\u00e9ho t\u00fdmu, kter\u00fd je p\u0159ipraven na zavol\u00e1n\u00ed vyrazit se sbalen\u00fdm vybaven\u00edm, nebo m\u016f\u017ee pom\u00e1hat s p\u0159\u00edpravou techniky, organizac\u00ed cvi\u010den\u00ed nebo osv\u011btov\u00fdch akc\u00ed.<\/p>\n\n\n\n<p>M\u016f\u017eete se v\u0161ak zapojit i jednor\u00e1zov\u011b, bez toho, \u017ee byste se zavazovali k n\u011bjak\u00e9 soustavn\u00e9, organizovan\u00e9 \u010dinnosti. M\u016f\u017eete p\u0159\u00edle\u017eitostn\u011b p\u0159isp\u011bt radou nebo zku\u0161enostmi, p\u0159edn\u00e1\u0161kou nebo semin\u00e1\u0159em pro radioamat\u00e9ry nebo ve\u0159ejnost, pomoci s p\u0159\u00edpravou technick\u00e9ho vybaven\u00ed a podobn\u011b.  Uv\u00edt\u00e1me ka\u017edou pomoc.<\/p>\n\n\n\n<h1 class=\"wp-block-heading\">Kdo to organizuje?<\/h1>\n\n\n\n<p>V \u010cesk\u00e9 republice organizuje RTK pracovn\u00ed skupina OK-RTS v r\u00e1mci radioamat\u00e9rsk\u00e9ho spolku \u010cAV &#8211; \u010ceskosloven\u0161t\u00ed amat\u00e9\u0159i vys\u00edla\u010di.<\/p>\n\n\n\n<h1 class=\"wp-block-heading\">Spolupr\u00e1ce<\/h1>\n\n\n\n<p>Spolupracujeme s <a href=\"https:\/\/aresom.wordpress.com\/\">ARES OM<\/a>, organizac\u00ed radioamat\u00e9rsk\u00e9 t\u00eds\u0148ov\u00e9 komunikace p\u0159i Slovensk\u00e9m svazu radioamat\u00e9r\u016f (SZR).<\/p>\n\n\n\n<h1 class=\"wp-block-heading\">Kontakty<\/h1>\n\n\n\n<p>Jindra Vavru\u0161ka, OK4RM, <a href=\"mailto:ok4rm@c-a-v.com\">ok4rm@c-a-v.com<\/a> &#8211; p\u0159edseda \u010cAV, kontakt pro oblast \u010cechy, QTH Praha<\/p>\n\n\n\n<p>\u0160t\u011bp\u00e1n Gabriel, OK2GA, <a href=\"mailto:stega@volny.cz\">ok2ga@volny.cz<\/a>, kontakt pro oblast Ji\u017en\u00ed Morava, QTH Brno<\/p>\n\n\n\n<p><\/p>\n","protected":false},"excerpt":{"rendered":"<p>OK-RTS je n\u00e1zev pracovn\u00ed skupiny zab\u00fdvaj\u00edc\u00ed se problematikou radioamat\u00e9rsk\u00e9 t\u00eds\u0148ov\u00e9 komunikace (RTK) po praktick\u00e9 i teoretick\u00e9 str\u00e1nce. Skupina je tvo\u0159ena dobrovoln\u00edky z \u0159ad radioamat\u00e9r\u016f a p\u0159\u00e1tel. Skupina vznikla v d\u016fsledku spont\u00e1nn\u00ed aktivity v m\u011bs\u00edci srpnu 2023. Skupina vznikla p\u0159i prvn\u00edm setk\u00e1n\u00ed v r\u00e1mci Mezin\u00e1rodn\u00edho setk\u00e1n\u00ed radioamat\u00e9r\u016f v Holic\u00edch 26. srpna<span class=\"more-link\"><a href=\"https:\/\/ok5cav.cz\/index.php\/ares\/\">\u010ct\u011bte d\u00e1le&#8230;<\/a><\/span><\/p>\n","protected":false},"author":1,"featured_media":0,"parent":0,"menu_order":0,"comment_status":"closed","ping_status":"closed","template":"","meta":{"footnotes":""},"class_list":["entry","author-cavadmin","post-1739","page","type-page","status-publish"],"_links":{"self":[{"href":"https:\/\/ok5cav.cz\/index.php\/wp-json\/wp\/v2\/pages\/1739"}],"collection":[{"href":"https:\/\/ok5cav.cz\/index.php\/wp-json\/wp\/v2\/pages"}],"about":[{"href":"https:\/\/ok5cav.cz\/index.php\/wp-json\/wp\/v2\/types\/page"}],"author":[{"embeddable":true,"href":"https:\/\/ok5cav.cz\/index.php\/wp-json\/wp\/v2\/users\/1"}],"replies":[{"embeddable":true,"href":"https:\/\/ok5cav.cz\/index.php\/wp-json\/wp\/v2\/comments?post=1739"}],"version-history":[{"count":7,"href":"https:\/\/ok5cav.cz\/index.php\/wp-json\/wp\/v2\/pages\/1739\/revisions"}],"predecessor-version":[{"id":2360,"href":"https:\/\/ok5cav.cz\/index.php\/wp-json\/wp\/v2\/pages\/1739\/revisions\/2360"}],"wp:attachment":[{"href":"https:\/\/ok5cav.cz\/index.php\/wp-json\/wp\/v2\/media?parent=1739"}],"curies":[{"name":"wp","href":"https:\/\/api.w.org\/{rel}","templated":true}]}}