{"id":160,"date":"2019-01-30T13:27:37","date_gmt":"2019-01-30T12:27:37","guid":{"rendered":"http:\/\/ok5cav.cz\/?page_id=160"},"modified":"2020-02-04T09:00:38","modified_gmt":"2020-02-04T08:00:38","slug":"predpisy-ars","status":"publish","type":"page","link":"https:\/\/ok5cav.cz\/index.php\/predpisy-ars\/","title":{"rendered":"P\u0159edpisy"},"content":{"rendered":"\n<div class=\"wp-block-kadence-tabs alignnone\"><div class=\"kt-tabs-wrap kt-tabs-id_eeb159-c0 kt-tabs-has-2-tabs kt-active-tab-1 kt-tabs-layout-tabs kt-tabs-tablet-layout-inherit kt-tabs-mobile-layout-inherit kt-tab-alignment-left \" style=\"max-width:none\"><ul class=\"kt-tabs-title-list\"><li id=\"tab-eskrepublika\" class=\"kt-title-item kt-title-item-1 kt-tabs-svg-show-always kt-tabs-icon-side-right kt-tab-title-active\"><a href=\"#tab-eskrepublika\" data-tab=\"1\" class=\"kt-tab-title kt-tab-title-1 \"><span class=\"kt-title-text\">\u010cesk\u00e1 republika<\/span><\/a><\/li><li id=\"tab-slovenskrepublika\" class=\"kt-title-item kt-title-item-2 kt-tabs-svg-show-always kt-tabs-icon-side-right kt-tab-title-inactive\"><a href=\"#tab-slovenskrepublika\" data-tab=\"2\" class=\"kt-tab-title kt-tab-title-2 \"><span class=\"kt-title-text\">Slovensk\u00e1 republika<\/span><\/a><\/li><\/ul><div class=\"kt-tabs-content-wrap\">\n<div class=\"wp-block-kadence-tab kt-tab-inner-content kt-inner-tab-1 kt-inner-tab_b8a425-c0\"><div class=\"kt-tab-inner-content-inner\">\n<ul class=\"wp-block-list\"><li> <a href=\"\/static\/ok-2005-156-2005.html\" target=\"_blank\" rel=\"noreferrer noopener\" aria-label=\" (otev\u0159e se na nov\u00e9 z\u00e1lo\u017ece)\">Vyhl\u00e1\u0161ka \u010d. 156\/2005 Sb.<\/a> &#8211; Technick\u00e9 a provozn\u00ed podm\u00ednky ARS  <\/li><li> <a rel=\"noreferrer noopener\" aria-label=\" (otev\u0159e se na nov\u00e9 z\u00e1lo\u017ece)\" href=\"http:\/\/ok5cav.cz\/static\/ok-2005-155-2018.html\" target=\"_blank\">Vyhl\u00e1\u0161ka \u010d. 155\/2005 Sb.<\/a> o tvorb\u011b volac\u00edch zna\u010dek, zn\u011bn\u00ed platn\u00e9 od 1.7.2018 <\/li><li> <a rel=\"noreferrer noopener\" href=\"http:\/\/ok5cav.cz\/wp-content\/uploads\/2019\/01\/epi_sk_157_2005_zzcr_20050501.pdf\" target=\"_blank\">Vyhl\u00e1\u0161ka \u010d. 157\/2005 Sb.<\/a>, o zkou\u0161k\u00e1ch  odborn\u00e9 zp\u016fsobilosti<\/li><li><a href=\"http:\/\/ok5cav.cz\/wp-content\/uploads\/2019\/01\/epi_sk_127_2005_zzcr_20200101.pdf\">Z\u00e1kon o elektronick\u00fdch komunikac\u00edch, 127\/2005 Sb.<\/a>, zn\u011bn\u00ed platn\u00e9 od 1.1.2020 <\/li><\/ul>\n<\/div><\/div>\n\n\n\n<div class=\"wp-block-kadence-tab kt-tab-inner-content kt-inner-tab-2 kt-inner-tab_fc2217-09\"><div class=\"kt-tab-inner-content-inner\">\n<p> <a href=\"http:\/\/ok5cav.cz\/wp-content\/uploads\/2019\/02\/epi_sk_351_2011_zz_20190101.pdf\">Z\u00e1kon o elektronick\u00fdch komunik\u00e1ci\u00e1ch<\/a>, 351\/2011 Z.z. <\/p>\n<\/div><\/div>\n<\/div><\/div><\/div>\n","protected":false},"excerpt":{"rendered":"<p><span class=\"more-link\"><a href=\"https:\/\/ok5cav.cz\/index.php\/predpisy-ars\/\">\u010ct\u011bte d\u00e1le&#8230;<\/a><\/span><\/p>\n","protected":false},"author":3,"featured_media":166,"parent":0,"menu_order":4,"comment_status":"closed","ping_status":"closed","template":"","meta":{"footnotes":""},"class_list":["entry","author-ok4rm","post-160","page","type-page","status-publish","has-post-thumbnail"],"_links":{"self":[{"href":"https:\/\/ok5cav.cz\/index.php\/wp-json\/wp\/v2\/pages\/160"}],"collection":[{"href":"https:\/\/ok5cav.cz\/index.php\/wp-json\/wp\/v2\/pages"}],"about":[{"href":"https:\/\/ok5cav.cz\/index.php\/wp-json\/wp\/v2\/types\/page"}],"author":[{"embeddable":true,"href":"https:\/\/ok5cav.cz\/index.php\/wp-json\/wp\/v2\/users\/3"}],"replies":[{"embeddable":true,"href":"https:\/\/ok5cav.cz\/index.php\/wp-json\/wp\/v2\/comments?post=160"}],"version-history":[{"count":10,"href":"https:\/\/ok5cav.cz\/index.php\/wp-json\/wp\/v2\/pages\/160\/revisions"}],"predecessor-version":[{"id":693,"href":"https:\/\/ok5cav.cz\/index.php\/wp-json\/wp\/v2\/pages\/160\/revisions\/693"}],"wp:featuredmedia":[{"embeddable":true,"href":"https:\/\/ok5cav.cz\/index.php\/wp-json\/wp\/v2\/media\/166"}],"wp:attachment":[{"href":"https:\/\/ok5cav.cz\/index.php\/wp-json\/wp\/v2\/media?parent=160"}],"curies":[{"name":"wp","href":"https:\/\/api.w.org\/{rel}","templated":true}]}}